{"id":33,"date":"2025-03-23T17:48:13","date_gmt":"2025-03-23T16:48:13","guid":{"rendered":"http:\/\/nowastrona.sp130.edu.pl\/index.php\/front_page\/"},"modified":"2025-08-31T16:04:32","modified_gmt":"2025-08-31T14:04:32","slug":"front_page","status":"publish","type":"page","link":"https:\/\/sp130.edu.pl\/","title":{"rendered":"Home"},"content":{"rendered":"\n\n\n\n\n\nKontakt\n\n\n\n\n\n\n\ne-dziennik\n\n\n\n\n\n\n\nMicrosoft 365\n\n\n\n\n\n\n\n\n\n\n\n\n\n\n\n\n\n\n\n\n\n\nRead more\n\n\n\n\n\n\n\n\n<span style=\"color:#595454\" class=\"kubio-has-inline-color\">Wi\u0119cej wpis\u00f3w znajduje si\u0119 w zak\u0142adce <a href=\"http:\/\/nowastrona.sp130.edu.pl\/index.php\/przykladowa-strona\/\">Aktualno\u015bci<\/a>.<\/span>\n\n\n\n<hr class=\"wp-block-separator has-text-color has-kubio-color-1-color has-alpha-channel-opacity has-kubio-color-1-background-color has-background is-style-wide\"\/>\n\n\n\n\n\n\n\n\n\n\n\nOrgan prowadz\u0105cy\n\n\n\n<strong>Wydzia\u0142 Edukacji<\/strong><br>ul. Krzemieniecka 2B,<br>94-017 \u0141\u00f3d\u017a\n\n\n\n\n\n\n\n\n\n\n\nOrgan nadzoruj\u0105cy\n\n\n\n<strong>Kuratorium O\u015bwiaty <\/strong><br>ul. Wi\u0119ckowskiego 33<br>90-734 \u0141\u00f3d\u017a\n\n\n\n","protected":false},"excerpt":{"rendered":"","protected":false},"author":1,"featured_media":636,"parent":0,"menu_order":0,"comment_status":"closed","ping_status":"closed","template":"","meta":{"footnotes":""},"class_list":["post-33","page","type-page","status-publish","has-post-thumbnail","hentry"],"_links":{"self":[{"href":"https:\/\/sp130.edu.pl\/index.php\/wp-json\/wp\/v2\/pages\/33","targetHints":{"allow":["GET"]}}],"collection":[{"href":"https:\/\/sp130.edu.pl\/index.php\/wp-json\/wp\/v2\/pages"}],"about":[{"href":"https:\/\/sp130.edu.pl\/index.php\/wp-json\/wp\/v2\/types\/page"}],"author":[{"embeddable":true,"href":"https:\/\/sp130.edu.pl\/index.php\/wp-json\/wp\/v2\/users\/1"}],"replies":[{"embeddable":true,"href":"https:\/\/sp130.edu.pl\/index.php\/wp-json\/wp\/v2\/comments?post=33"}],"version-history":[{"count":48,"href":"https:\/\/sp130.edu.pl\/index.php\/wp-json\/wp\/v2\/pages\/33\/revisions"}],"predecessor-version":[{"id":637,"href":"https:\/\/sp130.edu.pl\/index.php\/wp-json\/wp\/v2\/pages\/33\/revisions\/637"}],"wp:featuredmedia":[{"embeddable":true,"href":"https:\/\/sp130.edu.pl\/index.php\/wp-json\/wp\/v2\/media\/636"}],"wp:attachment":[{"href":"https:\/\/sp130.edu.pl\/index.php\/wp-json\/wp\/v2\/media?parent=33"}],"curies":[{"name":"wp","href":"https:\/\/api.w.org\/{rel}","templated":true}]}}