{"id":1032,"date":"2026-01-27T16:08:14","date_gmt":"2026-01-27T15:08:14","guid":{"rendered":"https:\/\/sp130.edu.pl\/?page_id=1032"},"modified":"2026-01-27T16:09:30","modified_gmt":"2026-01-27T15:09:30","slug":"aktywna-swietlica","status":"publish","type":"page","link":"https:\/\/sp130.edu.pl\/index.php\/projekty\/aktywna-swietlica\/","title":{"rendered":"Aktywna \u015bwietlica"},"content":{"rendered":"\n<p>Edycja 2025\/2026 o tytule \u201eMali odkrywcy\u201d to podr\u00f3\u017c w \u015bwiat odkry\u0107 i wynalazk\u00f3w. Uczniowie poznaj\u0105 niezwyk\u0142ych odkrywc\u00f3w i wynalazc\u00f3w, ich dzie\u0142a oraz zjawiska, kt\u00f3re zmieni\u0142y histori\u0119. B\u0119d\u0105 zg\u0142\u0119bia\u0107 tajemnice przyrody, obserwowa\u0107 niezwyk\u0142e zjawiska, odkrywa\u0107 ciekawostki o \u015bwiecie oraz samodzielnie eksperymentowa\u0107. Ka\u017cde zadanie to okazja do zdobywania wiedzy w atrakcyjnej i anga\u017cuj\u0105cej formie.<\/p>\n\n\n\n<p>Projekt rozwija ciekawo\u015b\u0107 \u015bwiata, uczy kreatywnego my\u015blenia i dostarcza gotowych inspiracji na zaj\u0119cia, kt\u00f3re \u0142\u0105cz\u0105 nauk\u0119 z zabaw\u0105.<\/p>\n\n\n\n<h2 class=\"wp-block-heading\">Cele II edycji projektu \u201eMali Odkrywcy\u201d<\/h2>\n\n\n\n<ul class=\"wp-block-list\">\n<li>rozwijanie ciekawo\u015bci poznawczej&nbsp;poprzez odkrywanie zjawisk przyrodniczych, technologicznych, naukowych i historycznych;<\/li>\n\n\n\n<li>kszta\u0142towanie postawy odkrywcy i badacza&nbsp;\u2013 gotowego do zadawania pyta\u0144, poszukiwania odpowiedzi i kreatywnego rozwi\u0105zywania problem\u00f3w;<\/li>\n\n\n\n<li>rozwijanie kompetencji kluczowych&nbsp;uczni\u00f3w, w tym: uczenia si\u0119, wsp\u00f3\u0142pracy, komunikacji, kompetencji matematyczno-przyrodniczych, cyfrowych;<\/li>\n\n\n\n<li>wzmacnianie umiej\u0119tno\u015bci pracy zespo\u0142owej&nbsp;i wsp\u00f3lnego tworzenia (np. plakat\u00f3w, makiet, eksperyment\u00f3w, galerii, gazetki);<\/li>\n\n\n\n<li>utrwalanie wiedzy poprzez dzia\u0142anie, do\u015bwiadczenia, eksperymenty, obserwacje i tw\u00f3rcze aktywno\u015bci;<\/li>\n\n\n\n<li>nauka korzystania z r\u00f3\u017cnych \u017ar\u00f3de\u0142 informacji, takich jak ksi\u0105\u017cki, Internet, mapy i przewodniki;<\/li>\n\n\n\n<li>rozwijanie kreatywno\u015bci i wyobra\u017ani&nbsp;przez tw\u00f3rcze projekty (makiety, lapbooki, plakaty, gry, modele);<\/li>\n\n\n\n<li>kszta\u0142towanie odpowiedzialno\u015bci za wsp\u00f3lne zadania&nbsp;i efekty pracy grupowej;<\/li>\n\n\n\n<li>budowanie postawy szacunku wobec przyrody, nauki i dorobku ludzko\u015bci;<\/li>\n\n\n\n<li>utrwalanie nawyk\u00f3w ekologicznych&nbsp;(np. recykling, wykorzystywanie naturalnych materia\u0142\u00f3w);<\/li>\n\n\n\n<li>rozwijanie umiej\u0119tno\u015bci prezentowania efekt\u00f3w pracy i wypowiadania si\u0119 na forum grupy.<\/li>\n<\/ul>\n\n\n\n<div class=\"wp-block-media-text is-stacked-on-mobile\" style=\"grid-template-columns:15% auto\"><figure  class=\"wp-block-media-text__media\"><img loading=\"lazy\" decoding=\"async\" width=\"166\" height=\"166\" alt=\"\" src=\"https:\/\/sp130.edu.pl\/wp-content\/uploads\/2025\/10\/aktywna_facebook-e1759333672748.jpg\" class=\"wp-image-836 size-full\"><\/figure><div class=\"wp-block-media-text__content\">\n<p class=\"has-pale-cyan-blue-color has-text-color has-link-color wp-elements-e9986cbc050b8500201357d0d8213198\"><a href=\"https:\/\/swietlicawszkole.pl\/aktywna-swietlica\/informacje\" target=\"_blank\" rel=\"noreferrer noopener\">Aktywna \u015bwietlica. Miejsce pe\u0142ne pomys\u0142\u00f3w<\/a><\/p>\n<\/div><\/div>\n\n\n\n<p><\/p>\n","protected":false},"excerpt":{"rendered":"<p>Edycja 2025\/2026 o tytule \u201eMali odkrywcy\u201d to podr\u00f3\u017c w \u015bwiat odkry\u0107 i wynalazk\u00f3w. Uczniowie poznaj\u0105 niezwyk\u0142ych odkrywc\u00f3w i wynalazc\u00f3w, ich dzie\u0142a oraz zjawiska, kt\u00f3re zmieni\u0142y histori\u0119. B\u0119d\u0105 zg\u0142\u0119bia\u0107 tajemnice przyrody, obserwowa\u0107 niezwyk\u0142e zjawiska, odkrywa\u0107 ciekawostki o \u015bwiecie oraz samodzielnie eksperymentowa\u0107. Ka\u017cde zadanie to okazja do zdobywania wiedzy w atrakcyjnej i anga\u017cuj\u0105cej formie. Projekt rozwija ciekawo\u015b\u0107 [&hellip;]<\/p>\n","protected":false},"author":3,"featured_media":836,"parent":333,"menu_order":0,"comment_status":"closed","ping_status":"closed","template":"","meta":{"footnotes":""},"class_list":["post-1032","page","type-page","status-publish","has-post-thumbnail","hentry"],"_links":{"self":[{"href":"https:\/\/sp130.edu.pl\/index.php\/wp-json\/wp\/v2\/pages\/1032","targetHints":{"allow":["GET"]}}],"collection":[{"href":"https:\/\/sp130.edu.pl\/index.php\/wp-json\/wp\/v2\/pages"}],"about":[{"href":"https:\/\/sp130.edu.pl\/index.php\/wp-json\/wp\/v2\/types\/page"}],"author":[{"embeddable":true,"href":"https:\/\/sp130.edu.pl\/index.php\/wp-json\/wp\/v2\/users\/3"}],"replies":[{"embeddable":true,"href":"https:\/\/sp130.edu.pl\/index.php\/wp-json\/wp\/v2\/comments?post=1032"}],"version-history":[{"count":3,"href":"https:\/\/sp130.edu.pl\/index.php\/wp-json\/wp\/v2\/pages\/1032\/revisions"}],"predecessor-version":[{"id":1035,"href":"https:\/\/sp130.edu.pl\/index.php\/wp-json\/wp\/v2\/pages\/1032\/revisions\/1035"}],"up":[{"embeddable":true,"href":"https:\/\/sp130.edu.pl\/index.php\/wp-json\/wp\/v2\/pages\/333"}],"wp:featuredmedia":[{"embeddable":true,"href":"https:\/\/sp130.edu.pl\/index.php\/wp-json\/wp\/v2\/media\/836"}],"wp:attachment":[{"href":"https:\/\/sp130.edu.pl\/index.php\/wp-json\/wp\/v2\/media?parent=1032"}],"curies":[{"name":"wp","href":"https:\/\/api.w.org\/{rel}","templated":true}]}}