{"id":1023,"date":"2026-01-27T15:49:58","date_gmt":"2026-01-27T14:49:58","guid":{"rendered":"https:\/\/sp130.edu.pl\/?page_id=1023"},"modified":"2026-01-27T15:55:52","modified_gmt":"2026-01-27T14:55:52","slug":"szkola-jutra","status":"publish","type":"page","link":"https:\/\/sp130.edu.pl\/index.php\/projekty\/szkola-jutra\/","title":{"rendered":"Szko\u0142a Jutra"},"content":{"rendered":"\n<p>\u201eSzko\u0142a jutra\u201d to projekt edukacyjny wspieraj\u0105cy nowoczesne nauczanie poprzez rozw\u00f3j kompetencji uczni\u00f3w i nauczycieli oraz wykorzystanie innowacyjnych metod i technologii. Jego celem jest lepsze przygotowanie szko\u0142y do wyzwa\u0144 przysz\u0142o\u015bci i potrzeb wsp\u00f3\u0142czesnego rynku pracy. \u015arodki na realizacj\u0119 projektu pochodz\u0105 z funduszy Unii Europejskiej i krajowego wsp\u00f3\u0142finansowania.<\/p>\n\n\n\n<div class=\"wp-block-media-text is-stacked-on-mobile\"><figure  class=\"wp-block-media-text__media\"><img loading=\"lazy\" decoding=\"async\" width=\"711\" height=\"444\" alt=\"\" src=\"https:\/\/sp130.edu.pl\/wp-content\/uploads\/2026\/01\/1000025787.jpg\" class=\"wp-image-1024 size-full\" srcset=\"https:\/\/sp130.edu.pl\/wp-content\/uploads\/2026\/01\/1000025787.jpg 711w, https:\/\/sp130.edu.pl\/wp-content\/uploads\/2026\/01\/1000025787-300x187.jpg 300w\" sizes=\"auto, (max-width: 711px) 100vw, 711px\" \/><\/figure><div class=\"wp-block-media-text__content\">\n<p class=\"has-vivid-cyan-blue-color has-text-color has-link-color wp-elements-7f34b0bf5bcdbbe075f9286d4e682a0e\"><a href=\"https:\/\/szkolajutra.edu.pl\">https:\/\/szkolajutra.edu.pl<\/a><\/p>\n<\/div><\/div>\n\n\n\n<p><\/p>\n","protected":false},"excerpt":{"rendered":"<p>\u201eSzko\u0142a jutra\u201d to projekt edukacyjny wspieraj\u0105cy nowoczesne nauczanie poprzez rozw\u00f3j kompetencji uczni\u00f3w i nauczycieli oraz wykorzystanie innowacyjnych metod i technologii. Jego celem jest lepsze przygotowanie szko\u0142y do wyzwa\u0144 przysz\u0142o\u015bci i potrzeb wsp\u00f3\u0142czesnego rynku pracy. \u015arodki na realizacj\u0119 projektu pochodz\u0105 z funduszy Unii Europejskiej i krajowego wsp\u00f3\u0142finansowania. https:\/\/szkolajutra.edu.pl<\/p>\n","protected":false},"author":3,"featured_media":1024,"parent":333,"menu_order":0,"comment_status":"closed","ping_status":"closed","template":"","meta":{"footnotes":""},"class_list":["post-1023","page","type-page","status-publish","has-post-thumbnail","hentry"],"_links":{"self":[{"href":"https:\/\/sp130.edu.pl\/index.php\/wp-json\/wp\/v2\/pages\/1023","targetHints":{"allow":["GET"]}}],"collection":[{"href":"https:\/\/sp130.edu.pl\/index.php\/wp-json\/wp\/v2\/pages"}],"about":[{"href":"https:\/\/sp130.edu.pl\/index.php\/wp-json\/wp\/v2\/types\/page"}],"author":[{"embeddable":true,"href":"https:\/\/sp130.edu.pl\/index.php\/wp-json\/wp\/v2\/users\/3"}],"replies":[{"embeddable":true,"href":"https:\/\/sp130.edu.pl\/index.php\/wp-json\/wp\/v2\/comments?post=1023"}],"version-history":[{"count":3,"href":"https:\/\/sp130.edu.pl\/index.php\/wp-json\/wp\/v2\/pages\/1023\/revisions"}],"predecessor-version":[{"id":1029,"href":"https:\/\/sp130.edu.pl\/index.php\/wp-json\/wp\/v2\/pages\/1023\/revisions\/1029"}],"up":[{"embeddable":true,"href":"https:\/\/sp130.edu.pl\/index.php\/wp-json\/wp\/v2\/pages\/333"}],"wp:featuredmedia":[{"embeddable":true,"href":"https:\/\/sp130.edu.pl\/index.php\/wp-json\/wp\/v2\/media\/1024"}],"wp:attachment":[{"href":"https:\/\/sp130.edu.pl\/index.php\/wp-json\/wp\/v2\/media?parent=1023"}],"curies":[{"name":"wp","href":"https:\/\/api.w.org\/{rel}","templated":true}]}}